{"id":11927,"date":"2021-11-22T15:11:00","date_gmt":"2021-11-22T14:11:00","guid":{"rendered":"https:\/\/katja-gramann.de\/news\/"},"modified":"2024-10-15T11:10:24","modified_gmt":"2024-10-15T09:10:24","slug":"news","status":"publish","type":"page","link":"https:\/\/katja-gramann.de\/en\/news\/","title":{"rendered":"News"},"content":{"rendered":"<div class=\"wpb-content-wrapper\">[vc_row css=&#8221;.vc_custom_1609685442598{margin-top: 50px !important;margin-bottom: 0px !important;}&#8221;][vc_column width=&#8221;1\/2&#8243;][vc_column_text]\n<h1 class=\"display-1\"><small>Neue Erkl\u00e4rvideos<\/small><\/h1>\n[\/vc_column_text][vc_empty_space][vc_single_image image=&#8221;20622&#8243; img_size=&#8221;full&#8221; onclick=&#8221;custom_link&#8221; img_link_target=&#8221;_blank&#8221; link=&#8221;https:\/\/youtu.be\/5ecczCkhVGc&#8221;][vc_empty_space height=&#8221;16px&#8221;][\/vc_column][vc_column width=&#8221;1\/2&#8243;][vc_column_text]\n<p class=\"lead lead-lg\">6 neue Videos in der Rubrik &#8220;Kunst erkl\u00e4rt&#8221;<\/p>\n<p>Sechs neue Videos stehen zur n\u00e4heren Erkl\u00e4rung meiner Gem\u00e4lde zur Verf\u00fcgung. Darunter insgesamt vier, die auf die neuen Arbeiten in Mischtechnik eingehen und zwei weitere \u00fcber abstrakte Collagen mit Chinapapier.<\/p>\n<p><a class=\"btn btn-link\" href=\"https:\/\/katja-gramann.de\/erklaervideos-kunst-erklaert\/\">Zu den Videos<\/a>[\/vc_column_text][vc_empty_space height=&#8221;16px&#8221;][vc_column_text]\n<p class=\"lead lead-lg\">Neu und lesenswert im &#8220;Kunst-Wiki&#8221;<\/p>\n<p>Die Kunsthistorikerin Dr. Ingrid Gardill hat die Bedeutung der Farbe &#8220;gr\u00fcn&#8221; in der Kunst, sowie die Serie der gr\u00fcnen Gem\u00e4lde in Mischtechnik in einem sehr lesenswerten kurzen Essay herausgearbeitet:<br \/>\n<a class=\"btn btn-link\" href=\"https:\/\/katja-gramann.de\/kunstwiki-abstrakte-kunst-erklaert\/#lok12\" target=\"_blank\" rel=\"noopener noreferrer\">\u00dcber die Werkreihe der gr\u00fcnen Hoffnungstr\u00e4ger<\/a>[\/vc_column_text][\/vc_column][\/vc_row][vc_row css=&#8221;.vc_custom_1626846698643{margin-top: -80px !important;margin-bottom: -80px !important;}&#8221;][vc_column][vc_separator][\/vc_column][\/vc_row][vc_row css=&#8221;.vc_custom_1609685442598{margin-top: 50px !important;margin-bottom: 0px !important;}&#8221;][vc_column width=&#8221;1\/2&#8243;][vc_column_text]\n<h1 class=\"display-1\"><small>Betrachten Sie mit Augmented Reality meine Gem\u00e4lde in Ihrem Zuhause!<\/small><\/h1>\n[\/vc_column_text][vc_empty_space][vc_single_image image=&#8221;18282&#8243; img_size=&#8221;full&#8221; onclick=&#8221;custom_link&#8221; img_link_target=&#8221;_blank&#8221; link=&#8221;http:\/\/iazzu.app.link\/katjagramann&#8221;][vc_empty_space height=&#8221;16px&#8221;][\/vc_column][vc_column width=&#8221;1\/2&#8243;][vc_column_text]\n<p class=\"lead lead-lg\">Passt Ihr Lieblingsbild an ihre Wand?<\/p>\n<p>Probieren Sie per smartphone oder tablet aus, ob meine Kunst in ihr Umfeld zuhause passt! Das geht mit der neuen IAZZU-App kinderleicht. Die APP bietet eine Augmented Reality (Live AR) Funktion, sowie die M\u00f6glichkeit, meine zum Verkauf stehenden Gem\u00e4lde auf verschiedenen W\u00e4nden zu betrachten. Das macht Spa\u00df und bringt mehr Sicherheit, ob das favorisierte Kunstwerk an der eigenen Wand wirklich gut ausschauen k\u00f6nnte. Holen Sie sich die kostenlose IAZZU-App und \u00fcberzeugen Sie sich selbst!<\/p>\n<p><a class=\"btn btn-link\" href=\"https:\/\/katja-gramann.de\/augmented-reality-fuer-abstrakte-kunst\/\">Mehr Infos \u00fcber die grandiose IAZZU-App<\/a><br \/>\n<a class=\"btn btn-link\" href=\"http:\/\/iazzu.app.link\/katjagramann\" target=\"_blank\" rel=\"noopener\">Hier die IAZZU App gleich aufs smartphone laden<\/a>[\/vc_column_text][vc_empty_space height=&#8221;16px&#8221;][vc_column_text]\n<p class=\"lead lead-lg\">Laden Sie sich die kostenlose IAZZU App und erleben Sie meine Kunst an Ihrer Wand zuhause!<\/p>\n[\/vc_column_text][vc_single_image image=&#8221;18275&#8243; img_size=&#8221;medium&#8221; onclick=&#8221;custom_link&#8221; img_link_target=&#8221;_blank&#8221; link=&#8221;http:\/\/iazzu.app.link\/katjagramann&#8221;][\/vc_column][\/vc_row][vc_row css=&#8221;.vc_custom_1626846698643{margin-top: -80px !important;margin-bottom: -80px !important;}&#8221;][vc_column][vc_separator][\/vc_column][\/vc_row][vc_row][vc_column][vc_column_text]\n<h1 class=\"display-1\"><small>Ausstellungsvorschau<\/small><\/h1>\n[\/vc_column_text][vc_empty_space height=&#8221;16px&#8221;][vc_row_inner][vc_column_inner width=&#8221;1\/2&#8243;][vc_column_text]\n<p class=\"lead lead-lg\">Einzelausstellung<\/p>\n[\/vc_column_text][vc_column_text]\n<p class=\"lead lead-lg\">September \/ Oktober 2024<\/p>\n<p><a href=\"https:\/\/frockgallery.com\/de\" target=\"_blank\" rel=\"noopener\">FROCK Gallery<\/a><br \/>\nRijselstraat 26, 8900 Ieper, Belgien<\/p>\n<p>Seit 2022 werde ich in Belgien von der FROCK Gallery vertreten. Im November \/ Dezember 2022 fand unter dem Titel &#8220;Women working&#8221; eine Gemeinschaftsausstellung mit zwei weiteren K\u00fcnstlerinnen statt. Im September \/ Oktober 2022 werden meine Arbeiten nun in einer Einzelausstellung gezeigt werden. Darauf freue ich mich schon jetzt!<br \/>\nEinige meiner Arbeiten k\u00f6nnen exklusiv \u00fcber den webshop der Galerie erworben werden.<br \/>\n<a class=\"btn btn-link\" href=\"https:\/\/frockgallery.com\/de\/shop?artist=23\">Zum Shop<\/a>[\/vc_column_text][vc_single_image image=&#8221;17902&#8243; img_size=&#8221;full&#8221; onclick=&#8221;custom_link&#8221; img_link_target=&#8221;_blank&#8221; link=&#8221;https:\/\/vimeo.com\/761827087?embedded=true&amp;source=vimeo_logo&amp;owner=133146540&#8243;][\/vc_column_inner][vc_column_inner width=&#8221;1\/2&#8243;][vc_column_text]\n<p class=\"lead lead-lg\">Galerist Matt Frock bei mir im Atelier, um Gem\u00e4lde f\u00fcr Belgien abzuholen.<\/p>\n[\/vc_column_text][vc_single_image image=&#8221;20650&#8243; img_size=&#8221;full&#8221; onclick=&#8221;custom_link&#8221; link=&#8221;https:\/\/youtu.be\/RdPfX98H7cw&#8221;][\/vc_column_inner][\/vc_row_inner][\/vc_column][\/vc_row][vc_row css=&#8221;.vc_custom_1626846698643{margin-top: -80px !important;margin-bottom: -80px !important;}&#8221;][vc_column][vc_separator][\/vc_column][\/vc_row][vc_row css=&#8221;.vc_custom_1609685442598{margin-top: 50px !important;margin-bottom: 0px !important;}&#8221;][vc_column width=&#8221;1\/2&#8243;][vc_column_text]\n<h1 class=\"display-1\"><small>Aktuelles aus dem Atelier<br \/>\n<\/small><\/h1>\n<p class=\"lead lead-lg\">Neue Kunstwerke<\/p>\n<p>Diese Arbeiten sind brandneu. Nehmen Sie gerne Einblick.<br \/>\nAlle Kunstwerke sind je nach Technik in den jeweiligen Bildergalerien <a href=\"https:\/\/katja-gramann.de\/acrylmalerei-katja-gramann-muenchen\/\" target=\"_blank\" rel=\"noopener\">Acrylmalerei<\/a>, <a href=\"https:\/\/katja-gramann.de\/hochglaenzende-aquarelle-aus-tusche-mit-resin\/\" target=\"_blank\" rel=\"noopener\">Glanzst\u00fccke &#8211; Kunst mit Resin<\/a>, <a href=\"https:\/\/katja-gramann.de\/malerei-mit-pigmenten-katja-gramann-muenchen\/\" target=\"_blank\" rel=\"noopener\">Mischtechniken<\/a> oder <a href=\"https:\/\/katja-gramann.de\/collagen-katja-gramann-muenchen\/\" target=\"_blank\" rel=\"noopener\">Collagen<\/a> zu sehen.[\/vc_column_text][\/vc_column][vc_column width=&#8221;1\/2&#8243;][vc_gallery interval=&#8221;3&#8243; images=&#8221;23517,23462,23484,23367,23326,23280,23256,23224,23184,23148,23096,23074&#8243; img_size=&#8221;full&#8221; css=&#8221;&#8221;][\/vc_column][\/vc_row][vc_row css=&#8221;.vc_custom_1626846698643{margin-top: -80px !important;margin-bottom: -80px !important;}&#8221;][vc_column][vc_separator][\/vc_column][\/vc_row][vc_row css=&#8221;.vc_custom_1651996145999{margin-top: 50px !important;margin-bottom: 0px !important;}&#8221; el_id=&#8221;new-catalogues&#8221;][vc_column width=&#8221;1\/3&#8243;][vc_column_text]\n<h1 class=\"display-1\"><small>Katalog Glanzst\u00fccke<\/small><\/h1>\n[\/vc_column_text][vc_empty_space][vc_single_image image=&#8221;16957&#8243; img_size=&#8221;full&#8221;][vc_empty_space][\/vc_column][vc_column width=&#8221;1\/3&#8243;][vc_column_text]\n<h1 class=\"display-1\"><small>Katalog Acrylmalerei<\/small><\/h1>\n[\/vc_column_text][vc_empty_space][vc_single_image image=&#8221;11629&#8243; img_size=&#8221;full&#8221;][\/vc_column][vc_column width=&#8221;1\/3&#8243;][vc_column_text]\n<p class=\"lead lead-lg\">Malerei w\u00e4hrend der Lockdowns<\/p>\n<p>Corona hat jeden von uns beeinflusst. Bei mir hat es zu einem &#8220;Anmalen gegen die Tristesse&#8221; gef\u00fchrt. Regelrecht s\u00fcchtig war ich nach leuchtenden Farben und gro\u00dfen Formaten. Die entstandenen Arbeiten auf Leinwand in Acryl, sowie die neue Werkreihe der Glanzst\u00fccke, habe ich jeweils in einen Katalog zusammengefasst, die gerne bei mir \u00fcber email bestellt werden k\u00f6nnen, ich schicke sie dann zu.<br \/>\nKosten pro Katalog: 10,00\u20ac zuz\u00fcglich 1,60\u20ac Versandkosten.<\/p>\n<p><a class=\"btn btn-link\" href=\"https:\/\/katja-gramann.de\/kontakt-katja-gramann\/\">Katalog bestellen<\/a>[\/vc_column_text][\/vc_column][\/vc_row][vc_row css=&#8221;.vc_custom_1626846698643{margin-top: -80px !important;margin-bottom: -80px !important;}&#8221;][vc_column][vc_separator][\/vc_column][\/vc_row][vc_row css=&#8221;.vc_custom_1609688754145{margin-top: -100px !important;margin-bottom: -100px !important;}&#8221;][vc_column css=&#8221;.vc_custom_1609688746251{margin-top: 0px !important;margin-bottom: 0px !important;}&#8221;][vc_column_text]\n<h1 class=\"display-1\"><small>Malkurse im Atelier und an Kunstakademien<\/small><\/h1>\n[\/vc_column_text][\/vc_column][\/vc_row][vc_row css=&#8221;.vc_custom_1609688819779{margin-top: -80px !important;margin-bottom: -50px !important;}&#8221;][vc_column width=&#8221;1\/4&#8243;][vc_single_image image=&#8221;20338&#8243; img_size=&#8221;large&#8221; onclick=&#8221;custom_link&#8221; img_link_target=&#8221;_blank&#8221; link=&#8221;https:\/\/katja-gramann.de\/en\/courses-katja-gramann\/&#8221;][vc_empty_space height=&#8221;16px&#8221;][\/vc_column][vc_column width=&#8221;3\/4&#8243;][vc_column_text]\n<p class=\"lead lead-lg\">Kurs \u201eSchichtungen &#8211; mit Rost, Pigmenten und viel Wachs&#8221; an der Kunstfabrik Wien<\/p>\n<p>4- Tages-Kurs (Donnerstag &#8211; Sonntag)<br \/>\n04.07. &#8211; 07.07.2024<\/p>\n<p>Interessiert? Ich freue mich \u00fcber ihre Teilnahme. Mehr Infos \u00fcber den Kurs unter der <a href=\"https:\/\/katja-gramann.de\/kurse-katja-gramann\/\" target=\"_blank\" rel=\"noopener noreferrer\">Rubrik &#8220;Kurse&#8221; auf meiner Seite<\/a>. <a href=\"https:\/\/www.kunstfabrik-wien.at\/kontakt\/\" target=\"_blank\" rel=\"noopener\">Eine Anmeldung erfolgt ausschlie\u00dflich \u00fcber die Kunstfabrik Wien<\/a>[\/vc_column_text][\/vc_column][\/vc_row][vc_row css=&#8221;.vc_custom_1609688819779{margin-top: -80px !important;margin-bottom: -50px !important;}&#8221;][vc_column width=&#8221;1\/4&#8243;][vc_single_image image=&#8221;14194&#8243; img_size=&#8221;large&#8221; onclick=&#8221;custom_link&#8221; img_link_target=&#8221;_blank&#8221; link=&#8221;https:\/\/katja-gramann.de\/en\/courses-katja-gramann\/&#8221;][vc_empty_space height=&#8221;16px&#8221;][\/vc_column][vc_column width=&#8221;3\/4&#8243;][vc_column_text]\n<p class=\"lead lead-lg\">Kurs \u201eArchaisch! Malen mit Gesteinsmehlen, Erdpigmenten &amp; Asche&#8221; an der AdbK Kolbermoor<\/p>\n<p>5- Tages-Kurs (Montag &#8211; Freitag)<br \/>\n15.07. &#8211; 19.07.2024<\/p>\n<p>Interessiert? Ich freue mich \u00fcber ihre Teilnahme. Mehr Infos \u00fcber den Kurs unter der <a href=\"https:\/\/katja-gramann.de\/kurse-katja-gramann\/\" target=\"_blank\" rel=\"noopener noreferrer\">Rubrik &#8220;Kurse&#8221; auf meiner Seite<\/a>. <a href=\"https:\/\/www.adbk-kolbermoor.de\/studienangebot-fuenf-vollstudiengaenge-im-fachbereich-malerei-und-ein-berufsbegleitender-studiengang\/kurs\/Archaisch+Malen+mit+Gesteinsmehlen+Erdpigmenten+Asche\/nr\/24-GRAMK1\/bereich\/details\/\" target=\"_blank\" rel=\"noopener\">Eine Anmeldung erfolgt ausschlie\u00dflich \u00fcber die AdbK Kolbermoor.<\/a>[\/vc_column_text][\/vc_column][\/vc_row][vc_row css=&#8221;.vc_custom_1609688819779{margin-top: -80px !important;margin-bottom: -50px !important;}&#8221;][vc_column width=&#8221;1\/4&#8243;][vc_single_image image=&#8221;16995&#8243; img_size=&#8221;large&#8221; onclick=&#8221;custom_link&#8221; img_link_target=&#8221;_blank&#8221; link=&#8221;https:\/\/katja-gramann.de\/en\/courses-katja-gramann\/&#8221;][vc_empty_space height=&#8221;16px&#8221;][\/vc_column][vc_column width=&#8221;3\/4&#8243;][vc_column_text]\n<p class=\"lead lead-lg\">Kurs \u201eEs werde Licht&#8221; &#8211; Helle leichte Malerei mit Acrylfarbe &amp; Pigmenten&#8221; an der Akademie der bildenden K\u00fcnste Kolbermoor<\/p>\n<p>4- Tages-Kurs<br \/>\nMo. 04.11. &#8211; Do. 07.11.2024<\/p>\n<p>Interessiert? Ich freue mich \u00fcber ihre Teilnahme. Mehr Infos \u00fcber den Kurs unter der <a href=\"https:\/\/katja-gramann.de\/kurse-katja-gramann\/\" target=\"_blank\" rel=\"noopener noreferrer\">Rubrik &#8220;Kurse&#8221; auf meiner Seite<\/a> oder<a href=\"https:\/\/www.adbk-kolbermoor.de\/studienangebot-fuenf-vollstudiengaenge-im-fachbereich-malerei-und-ein-berufsbegleitender-studiengang\/kurs\/Helle+Malerei+in+Acryl\/nr\/24-GRAMK2\/bereich\/details\/\" target=\"_blank\" rel=\"noopener noreferrer\"> direkt im Kursprogramm der AdbK Kolbermoor. Die Anmeldung erfolgt ausschlie\u00dflich \u00fcber die Akademie in Kolbermoor<\/a>[\/vc_column_text][\/vc_column][\/vc_row][vc_row css=&#8221;.vc_custom_1626846698643{margin-top: -80px !important;margin-bottom: -80px !important;}&#8221;][vc_column][vc_separator][\/vc_column][\/vc_row][vc_row el_id=&#8221;opening hours&#8221;][vc_column width=&#8221;1\/2&#8243;][vc_column_text el_id=&#8221;oeffnungszeiten&#8221;]\n<h1 class=\"display-1\"><small>Atelier \u00d6ffnungszeiten<\/small><\/h1>\n<p class=\"lead lead-lg\">Unkompliziert und unverbindlich vorbei kommen!<\/p>\n<p>Atelierbesuche sind jederzeit m\u00f6glich. Ich freue mich \u00fcber Ihr Interesse. Einfach anrufen oder mailen und einen Termin vereinbaren.<\/p>\n<p>Gerne liefere ich Ihnen die Kunstwerke im M\u00fcnchner Raum nach Hause, auch ein Bilder-Probeh\u00e4ngen ist m\u00f6glich, um sich bei einer Bildentscheidung wirklich sicher zu sein.<br \/>\nMeine Werke kann ich national und international verschicken. <a href=\"https:\/\/katja-gramann.de\/service-katja-gramann\/#versand\" target=\"_blank\" rel=\"noopener\">Mehr zu den Versandbedingungen lesen Sie hier.<\/a><\/p>\n<a class='btn btn-primary btn-sm' href='https:\/\/katja-gramann.de\/kontakt-katja-gramann' role='button' target='__self'>Haben Sie Fragen?<\/a>[\/vc_column_text][vc_empty_space height=&#8221;64px&#8221;][\/vc_column][vc_column width=&#8221;1\/2&#8243;][vc_column_text el_id=&#8221;newsletter&#8221;]\n<h1 class=\"display-1\"><small>Newsletter Service<\/small><\/h1>\n<p class=\"lead lead-lg\">Keine Aktion mehr verpassen<\/p>\n<p>Haben Sie Interesse an meinen Bildern, neuen Ausstellungsterminen oder sonstigen Infos rund um meine Kunst?<\/p>\n<p>Gerne d\u00fcrfen Sie sich f\u00fcr meinen Newsletter anmelden, so dass Sie gelegentlich per E-Mail \u00fcber Neuigkeiten informiert werden. Wichtig: Bitte best\u00e4tigen Sie den Newsletter-Erhalt nach dem Anmelden \u00fcber die bei Ihnen im Posteingang eingehende Email.<\/p>\n<a class='btn btn-primary btn-sm' href='https:\/\/katja-gramann.de\/newsletter-katja-gramann' role='button' target='__self'>Newsletter anfordern<\/a>[\/vc_column_text][\/vc_column][\/vc_row]\n<\/div>","protected":false},"excerpt":{"rendered":"<p>[vc_row css=&#8221;.vc_custom_1609685442598{margin-top: 50px !important;margin-bottom: 0px !important;}&#8221;][vc_column width=&#8221;1\/2&#8243;][vc_column_text] Neue Erkl\u00e4rvideos [\/vc_column_text][vc_empty_space][vc_single_image image=&#8221;20622&#8243; img_size=&#8221;full&#8221; onclick=&#8221;custom_link&#8221; img_link_target=&#8221;_blank&#8221; link=&#8221;https:\/\/youtu.be\/5ecczCkhVGc&#8221;][vc_empty_space height=&#8221;16px&#8221;][\/vc_column][vc_column width=&#8221;1\/2&#8243;][vc_column_text] 6 neue Videos in der Rubrik &#8220;Kunst erkl\u00e4rt&#8221; Sechs neue Videos stehen zur n\u00e4heren Erkl\u00e4rung meiner Gem\u00e4lde zur Verf\u00fcgung. Darunter insgesamt vier, die auf die neuen Arbeiten in Mischtechnik eingehen und zwei weitere \u00fcber abstrakte Collagen mit Chinapapier. Zu den Videos[\/vc_column_text][vc_empty_space height=&#8221;16px&#8221;][vc_column_text] Neu [&hellip;]<\/p>\n","protected":false},"author":1,"featured_media":0,"parent":0,"menu_order":0,"comment_status":"closed","ping_status":"closed","template":"","meta":{"footnotes":""},"folder":[],"class_list":["post-11927","page","type-page","status-publish","hentry"],"yoast_head":"<!-- This site is optimized with the Yoast SEO plugin v27.4 - https:\/\/yoast.com\/product\/yoast-seo-wordpress\/ -->\n<title>News - Katja Gramann<\/title>\n<meta name=\"description\" content=\"New artworks &amp; art exhibitions with abstract painting by the artist Katja Gramann | contemporary art Munich | Augmented Reality\" \/>\n<meta name=\"robots\" content=\"index, follow, max-snippet:-1, max-image-preview:large, max-video-preview:-1\" \/>\n<link rel=\"canonical\" href=\"https:\/\/katja-gramann.de\/en\/news\/\" \/>\n<meta property=\"og:locale\" content=\"en_US\" \/>\n<meta property=\"og:type\" content=\"article\" \/>\n<meta property=\"og:title\" content=\"News - Katja Gramann\" \/>\n<meta property=\"og:description\" content=\"New artworks &amp; art exhibitions with abstract painting by the artist Katja Gramann | contemporary art Munich | Augmented Reality\" \/>\n<meta property=\"og:url\" content=\"https:\/\/katja-gramann.de\/en\/news\/\" \/>\n<meta property=\"og:site_name\" content=\"Katja Gramann\" \/>\n<meta property=\"article:modified_time\" content=\"2024-10-15T09:10:24+00:00\" \/>\n<meta name=\"twitter:card\" content=\"summary_large_image\" \/>\n<meta name=\"twitter:label1\" content=\"Est. reading time\" \/>\n\t<meta name=\"twitter:data1\" content=\"10 minutes\" \/>\n<script type=\"application\/ld+json\" class=\"yoast-schema-graph\">{\"@context\":\"https:\\\/\\\/schema.org\",\"@graph\":[{\"@type\":\"WebPage\",\"@id\":\"https:\\\/\\\/katja-gramann.de\\\/en\\\/news\\\/\",\"url\":\"https:\\\/\\\/katja-gramann.de\\\/en\\\/news\\\/\",\"name\":\"News - Katja Gramann\",\"isPartOf\":{\"@id\":\"https:\\\/\\\/katja-gramann.de\\\/#website\"},\"datePublished\":\"2021-11-22T14:11:00+00:00\",\"dateModified\":\"2024-10-15T09:10:24+00:00\",\"description\":\"New artworks & art exhibitions with abstract painting by the artist Katja Gramann | contemporary art Munich | Augmented Reality\",\"breadcrumb\":{\"@id\":\"https:\\\/\\\/katja-gramann.de\\\/en\\\/news\\\/#breadcrumb\"},\"inLanguage\":\"en-US\",\"potentialAction\":[{\"@type\":\"ReadAction\",\"target\":[\"https:\\\/\\\/katja-gramann.de\\\/en\\\/news\\\/\"]}]},{\"@type\":\"BreadcrumbList\",\"@id\":\"https:\\\/\\\/katja-gramann.de\\\/en\\\/news\\\/#breadcrumb\",\"itemListElement\":[{\"@type\":\"ListItem\",\"position\":1,\"name\":\"Startseite\",\"item\":\"https:\\\/\\\/katja-gramann.de\\\/en\\\/\"},{\"@type\":\"ListItem\",\"position\":2,\"name\":\"News\"}]},{\"@type\":\"WebSite\",\"@id\":\"https:\\\/\\\/katja-gramann.de\\\/#website\",\"url\":\"https:\\\/\\\/katja-gramann.de\\\/\",\"name\":\"Katja Gramann\",\"description\":\"\",\"potentialAction\":[{\"@type\":\"SearchAction\",\"target\":{\"@type\":\"EntryPoint\",\"urlTemplate\":\"https:\\\/\\\/katja-gramann.de\\\/?s={search_term_string}\"},\"query-input\":{\"@type\":\"PropertyValueSpecification\",\"valueRequired\":true,\"valueName\":\"search_term_string\"}}],\"inLanguage\":\"en-US\"}]}<\/script>\n<!-- \/ Yoast SEO plugin. -->","yoast_head_json":{"title":"News - Katja Gramann","description":"New artworks & art exhibitions with abstract painting by the artist Katja Gramann | contemporary art Munich | Augmented Reality","robots":{"index":"index","follow":"follow","max-snippet":"max-snippet:-1","max-image-preview":"max-image-preview:large","max-video-preview":"max-video-preview:-1"},"canonical":"https:\/\/katja-gramann.de\/en\/news\/","og_locale":"en_US","og_type":"article","og_title":"News - Katja Gramann","og_description":"New artworks & art exhibitions with abstract painting by the artist Katja Gramann | contemporary art Munich | Augmented Reality","og_url":"https:\/\/katja-gramann.de\/en\/news\/","og_site_name":"Katja Gramann","article_modified_time":"2024-10-15T09:10:24+00:00","twitter_card":"summary_large_image","twitter_misc":{"Est. reading time":"10 minutes"},"schema":{"@context":"https:\/\/schema.org","@graph":[{"@type":"WebPage","@id":"https:\/\/katja-gramann.de\/en\/news\/","url":"https:\/\/katja-gramann.de\/en\/news\/","name":"News - Katja Gramann","isPartOf":{"@id":"https:\/\/katja-gramann.de\/#website"},"datePublished":"2021-11-22T14:11:00+00:00","dateModified":"2024-10-15T09:10:24+00:00","description":"New artworks & art exhibitions with abstract painting by the artist Katja Gramann | contemporary art Munich | Augmented Reality","breadcrumb":{"@id":"https:\/\/katja-gramann.de\/en\/news\/#breadcrumb"},"inLanguage":"en-US","potentialAction":[{"@type":"ReadAction","target":["https:\/\/katja-gramann.de\/en\/news\/"]}]},{"@type":"BreadcrumbList","@id":"https:\/\/katja-gramann.de\/en\/news\/#breadcrumb","itemListElement":[{"@type":"ListItem","position":1,"name":"Startseite","item":"https:\/\/katja-gramann.de\/en\/"},{"@type":"ListItem","position":2,"name":"News"}]},{"@type":"WebSite","@id":"https:\/\/katja-gramann.de\/#website","url":"https:\/\/katja-gramann.de\/","name":"Katja Gramann","description":"","potentialAction":[{"@type":"SearchAction","target":{"@type":"EntryPoint","urlTemplate":"https:\/\/katja-gramann.de\/?s={search_term_string}"},"query-input":{"@type":"PropertyValueSpecification","valueRequired":true,"valueName":"search_term_string"}}],"inLanguage":"en-US"}]}},"_links":{"self":[{"href":"https:\/\/katja-gramann.de\/en\/wp-json\/wp\/v2\/pages\/11927","targetHints":{"allow":["GET"]}}],"collection":[{"href":"https:\/\/katja-gramann.de\/en\/wp-json\/wp\/v2\/pages"}],"about":[{"href":"https:\/\/katja-gramann.de\/en\/wp-json\/wp\/v2\/types\/page"}],"author":[{"embeddable":true,"href":"https:\/\/katja-gramann.de\/en\/wp-json\/wp\/v2\/users\/1"}],"replies":[{"embeddable":true,"href":"https:\/\/katja-gramann.de\/en\/wp-json\/wp\/v2\/comments?post=11927"}],"version-history":[{"count":155,"href":"https:\/\/katja-gramann.de\/en\/wp-json\/wp\/v2\/pages\/11927\/revisions"}],"predecessor-version":[{"id":23527,"href":"https:\/\/katja-gramann.de\/en\/wp-json\/wp\/v2\/pages\/11927\/revisions\/23527"}],"wp:attachment":[{"href":"https:\/\/katja-gramann.de\/en\/wp-json\/wp\/v2\/media?parent=11927"}],"wp:term":[{"taxonomy":"folder","embeddable":true,"href":"https:\/\/katja-gramann.de\/en\/wp-json\/wp\/v2\/folder?post=11927"}],"curies":[{"name":"wp","href":"https:\/\/api.w.org\/{rel}","templated":true}]}}